{"id":6881,"date":"2023-04-27T23:12:18","date_gmt":"2023-04-27T23:12:18","guid":{"rendered":"https:\/\/ccmexico.com.mx\/comercio-internacional\/?page_id=6881"},"modified":"2026-05-08T16:00:53","modified_gmt":"2026-05-08T16:00:53","slug":"cuaderno-ata-el-pasaporte-de-las-mercancias","status":"publish","type":"page","link":"https:\/\/ccmexico.com.mx\/comercio-internacional\/cuaderno-ata-el-pasaporte-de-las-mercancias\/","title":{"rendered":"Cuaderno ATA El Pasaporte de las Mercanc\u00edas"},"content":{"rendered":"\t\t<div data-elementor-type=\"wp-page\" data-elementor-id=\"6881\" class=\"elementor elementor-6881\" data-elementor-post-type=\"page\">\n\t\t\t\t\t\t<section data-particle_enable=\"false\" data-particle-mobile-disabled=\"false\" class=\"elementor-section elementor-top-section elementor-element elementor-element-862df86 elementor-section-stretched elementor-section-boxed elementor-section-height-default elementor-section-height-default\" data-id=\"862df86\" data-element_type=\"section\" data-e-type=\"section\" data-settings=\"{&quot;stretch_section&quot;:&quot;section-stretched&quot;}\">\n\t\t\t\t\t\t<div class=\"elementor-container elementor-column-gap-default\">\n\t\t\t\t\t<div class=\"elementor-column elementor-col-100 elementor-top-column elementor-element elementor-element-eac8149\" data-id=\"eac8149\" data-element_type=\"column\" data-e-type=\"column\">\n\t\t\t<div class=\"elementor-widget-wrap elementor-element-populated\">\n\t\t\t\t\t\t<div class=\"elementor-element elementor-element-2ebb09e elementor-widget elementor-widget-spacer\" data-id=\"2ebb09e\" data-element_type=\"widget\" data-e-type=\"widget\" data-widget_type=\"spacer.default\">\n\t\t\t\t<div class=\"elementor-widget-container\">\n\t\t\t\t\t\t\t<div class=\"elementor-spacer\">\n\t\t\t<div class=\"elementor-spacer-inner\"><\/div>\n\t\t<\/div>\n\t\t\t\t\t\t<\/div>\n\t\t\t\t<\/div>\n\t\t\t\t<div class=\"elementor-element elementor-element-6e4536a elementor-widget elementor-widget-text-editor\" data-id=\"6e4536a\" data-element_type=\"widget\" data-e-type=\"widget\" data-widget_type=\"text-editor.default\">\n\t\t\t\t<div class=\"elementor-widget-container\">\n\t\t\t\t\t\t\t\t\t<p>El <strong>Carnet ATA<\/strong> es un documento aduanero internacional unificado que simplifica el comercio global. Bajo el marco de diversos convenios internacionales, este sistema permite la <strong>libre admisi\u00f3n de mercanc\u00edas<\/strong>, eximiendo el pago de derechos y aranceles de importaci\u00f3n en m\u00e1s de 80 pa\u00edses y territorios miembros.<\/p><p><strong>\u00bfQu\u00e9 significa ATA?<\/strong><\/p><p>Es el acr\u00f3nimo de las expresiones en franc\u00e9s e ingl\u00e9s <strong>\u201cAdmission Temporaire \/ Temporary Admission\u201d<\/strong>. Debido a su facilidad de uso, es mundialmente reconocido como el <em>&#8220;Pasaporte de las mercanc\u00edas&#8221;<\/em>.<\/p><p>\u00a0<\/p><p><strong>Exporte o Importe desde M\u00e9xico al resto del Mundo<\/strong><\/p><p>Si su empresa o actividad profesional requiere trasladar bienes de manera temporal desde M\u00e9xico hacia cualquier pa\u00eds del Sistema ATA, este documento es su mejor aliado.<\/p><p><strong>\u00bfQu\u00e9 tipo de mercanc\u00edas cubre?<\/strong><\/p><ul><li><strong>Equipo Profesional:<\/strong> Herramientas, equipo de cinematograf\u00eda, instrumentos musicales, equipo m\u00e9dico, etc.<\/li><li><strong>Muestras Comerciales:<\/strong> Art\u00edculos para demostraci\u00f3n ante posibles clientes.<\/li><li><strong>Material para Eventos:<\/strong> Mercanc\u00edas destinadas a ferias, exposiciones o congresos.<\/li><\/ul><p><em>Nota: No aplica para productos perecederos, alimentos o mercanc\u00edas destinadas a la venta o transformaci\u00f3n.<\/em><\/p><p><strong>Beneficios Clave<\/strong><\/p><ol><li>Elimina el pago de aranceles tanto en origen como en destino.<\/li><li>Sustituye los documentos nacionales de exportaci\u00f3n\/importaci\u00f3n temporal, reduciendo la burocracia.<\/li><li>Un solo documento permite transitar por m\u00faltiples pa\u00edses durante su a\u00f1o de vigencia.<\/li><\/ol><p>Para conocer los requisitos detallados y comenzar su solicitud, visite nuestro portal:<\/p><p><strong>AGREGAR BOTON<\/strong><\/p><p><a href=\"https:\/\/carnet-ata.org\/\"><strong>IR AL SITIO OFICIAL CARNET ATA<\/strong><\/a><\/p><p>M\u00e1s informaci\u00f3n:<\/p><p>Lic. Daniela Lorena Rojas Merino | Jefa de Cuaderno ATA para Exportaci\u00f3n<\/p><p>Correo: <a href=\"mailto:ataexport1@ccmexico.com.mx\">ataexport1@ccmexico.com.mx<\/a><\/p><p><strong>Tel. +52 (55 3685 2269) ext. 1315<\/strong><\/p><p>Lic. Samantha Melisa Torres Hern\u00e1ndez | Directora de Comercio Internacional<\/p><p>Correo: <a href=\"mailto:negint@ccmexico.com.mx\">negint@ccmexico.com.mx<\/a><\/p><p><strong>Tel. +52 (55 3685 2269) ext. 1301<\/strong><\/p>\t\t\t\t\t\t\t\t<\/div>\n\t\t\t\t<\/div>\n\t\t\t\t\t<\/div>\n\t\t<\/div>\n\t\t\t\t\t<\/div>\n\t\t<\/section>\n\t\t\t\t<\/div>\n\t\t","protected":false},"excerpt":{"rendered":"<p>El Carnet ATA es un documento aduanero internacional unificado que simplifica el comercio global. Bajo el marco de diversos convenios internacionales, este sistema permite la libre admisi\u00f3n [&hellip;]<\/p>\n","protected":false},"author":1,"featured_media":9282,"parent":0,"menu_order":0,"comment_status":"closed","ping_status":"closed","template":"","meta":{"footnotes":""},"class_list":["post-6881","page","type-page","status-publish","has-post-thumbnail","hentry"],"yoast_head":"<!-- This site is optimized with the Yoast SEO plugin v27.5 - https:\/\/yoast.com\/product\/yoast-seo-wordpress\/ -->\n<title>Cuaderno ATA El Pasaporte de las Mercanc\u00edas - Comercio Internacional<\/title>\n<meta name=\"description\" content=\"El Cuaderno ATA es un documento aduanero internacional unificado que, en el marco de una serie de convenios, establece la libre admisi\u00f3n a la\" \/>\n<meta name=\"robots\" content=\"index, follow, max-snippet:-1, max-image-preview:large, max-video-preview:-1\" \/>\n<link rel=\"canonical\" href=\"https:\/\/ccmexico.com.mx\/comercio-internacional\/cuaderno-ata-el-pasaporte-de-las-mercancias\/\" \/>\n<meta property=\"og:locale\" content=\"es_MX\" \/>\n<meta property=\"og:type\" content=\"article\" \/>\n<meta property=\"og:title\" content=\"Cuaderno ATA El Pasaporte de las Mercanc\u00edas - Comercio Internacional\" \/>\n<meta property=\"og:description\" content=\"El Cuaderno ATA es un documento aduanero internacional unificado que, en el marco de una serie de convenios, establece la libre admisi\u00f3n a la\" \/>\n<meta property=\"og:url\" content=\"https:\/\/ccmexico.com.mx\/comercio-internacional\/cuaderno-ata-el-pasaporte-de-las-mercancias\/\" \/>\n<meta property=\"og:site_name\" content=\"Comercio Internacional\" \/>\n<meta property=\"article:modified_time\" content=\"2026-05-08T16:00:53+00:00\" \/>\n<meta property=\"og:image\" content=\"https:\/\/ccmexico.com.mx\/comercio-internacional\/wp-content\/uploads\/2023\/11\/vista-superior-sobre-solicitud-tarjeta-verde-1-scaled.jpg\" \/>\n\t<meta property=\"og:image:width\" content=\"2560\" \/>\n\t<meta property=\"og:image:height\" content=\"1709\" \/>\n\t<meta property=\"og:image:type\" content=\"image\/jpeg\" \/>\n<meta name=\"twitter:card\" content=\"summary_large_image\" \/>\n<meta name=\"twitter:label1\" content=\"Tiempo de lectura\" \/>\n\t<meta name=\"twitter:data1\" content=\"2 minutos\" \/>\n<script type=\"application\/ld+json\" class=\"yoast-schema-graph\">{\"@context\":\"https:\\\/\\\/schema.org\",\"@graph\":[{\"@type\":\"WebPage\",\"@id\":\"https:\\\/\\\/ccmexico.com.mx\\\/comercio-internacional\\\/cuaderno-ata-el-pasaporte-de-las-mercancias\\\/\",\"url\":\"https:\\\/\\\/ccmexico.com.mx\\\/comercio-internacional\\\/cuaderno-ata-el-pasaporte-de-las-mercancias\\\/\",\"name\":\"Cuaderno ATA El Pasaporte de las Mercanc\u00edas - Comercio Internacional\",\"isPartOf\":{\"@id\":\"https:\\\/\\\/ccmexico.com.mx\\\/comercio-internacional\\\/#website\"},\"primaryImageOfPage\":{\"@id\":\"https:\\\/\\\/ccmexico.com.mx\\\/comercio-internacional\\\/cuaderno-ata-el-pasaporte-de-las-mercancias\\\/#primaryimage\"},\"image\":{\"@id\":\"https:\\\/\\\/ccmexico.com.mx\\\/comercio-internacional\\\/cuaderno-ata-el-pasaporte-de-las-mercancias\\\/#primaryimage\"},\"thumbnailUrl\":\"https:\\\/\\\/ccmexico.com.mx\\\/comercio-internacional\\\/wp-content\\\/uploads\\\/2023\\\/11\\\/vista-superior-sobre-solicitud-tarjeta-verde-1-scaled.jpg\",\"datePublished\":\"2023-04-27T23:12:18+00:00\",\"dateModified\":\"2026-05-08T16:00:53+00:00\",\"description\":\"El Cuaderno ATA es un documento aduanero internacional unificado que, en el marco de una serie de convenios, establece la libre admisi\u00f3n a la\",\"breadcrumb\":{\"@id\":\"https:\\\/\\\/ccmexico.com.mx\\\/comercio-internacional\\\/cuaderno-ata-el-pasaporte-de-las-mercancias\\\/#breadcrumb\"},\"inLanguage\":\"es\",\"potentialAction\":[{\"@type\":\"ReadAction\",\"target\":[\"https:\\\/\\\/ccmexico.com.mx\\\/comercio-internacional\\\/cuaderno-ata-el-pasaporte-de-las-mercancias\\\/\"]}]},{\"@type\":\"ImageObject\",\"inLanguage\":\"es\",\"@id\":\"https:\\\/\\\/ccmexico.com.mx\\\/comercio-internacional\\\/cuaderno-ata-el-pasaporte-de-las-mercancias\\\/#primaryimage\",\"url\":\"https:\\\/\\\/ccmexico.com.mx\\\/comercio-internacional\\\/wp-content\\\/uploads\\\/2023\\\/11\\\/vista-superior-sobre-solicitud-tarjeta-verde-1-scaled.jpg\",\"contentUrl\":\"https:\\\/\\\/ccmexico.com.mx\\\/comercio-internacional\\\/wp-content\\\/uploads\\\/2023\\\/11\\\/vista-superior-sobre-solicitud-tarjeta-verde-1-scaled.jpg\",\"width\":2560,\"height\":1709},{\"@type\":\"BreadcrumbList\",\"@id\":\"https:\\\/\\\/ccmexico.com.mx\\\/comercio-internacional\\\/cuaderno-ata-el-pasaporte-de-las-mercancias\\\/#breadcrumb\",\"itemListElement\":[{\"@type\":\"ListItem\",\"position\":1,\"name\":\"Portada\",\"item\":\"https:\\\/\\\/ccmexico.com.mx\\\/comercio-internacional\\\/\"},{\"@type\":\"ListItem\",\"position\":2,\"name\":\"Cuaderno ATA El Pasaporte de las Mercanc\u00edas\"}]},{\"@type\":\"WebSite\",\"@id\":\"https:\\\/\\\/ccmexico.com.mx\\\/comercio-internacional\\\/#website\",\"url\":\"https:\\\/\\\/ccmexico.com.mx\\\/comercio-internacional\\\/\",\"name\":\"Comercio Internacional\",\"description\":\"Comercio Internacional - Canaco\",\"potentialAction\":[{\"@type\":\"SearchAction\",\"target\":{\"@type\":\"EntryPoint\",\"urlTemplate\":\"https:\\\/\\\/ccmexico.com.mx\\\/comercio-internacional\\\/?s={search_term_string}\"},\"query-input\":{\"@type\":\"PropertyValueSpecification\",\"valueRequired\":true,\"valueName\":\"search_term_string\"}}],\"inLanguage\":\"es\"}]}<\/script>\n<!-- \/ Yoast SEO plugin. -->","yoast_head_json":{"title":"Cuaderno ATA El Pasaporte de las Mercanc\u00edas - Comercio Internacional","description":"El Cuaderno ATA es un documento aduanero internacional unificado que, en el marco de una serie de convenios, establece la libre admisi\u00f3n a la","robots":{"index":"index","follow":"follow","max-snippet":"max-snippet:-1","max-image-preview":"max-image-preview:large","max-video-preview":"max-video-preview:-1"},"canonical":"https:\/\/ccmexico.com.mx\/comercio-internacional\/cuaderno-ata-el-pasaporte-de-las-mercancias\/","og_locale":"es_MX","og_type":"article","og_title":"Cuaderno ATA El Pasaporte de las Mercanc\u00edas - Comercio Internacional","og_description":"El Cuaderno ATA es un documento aduanero internacional unificado que, en el marco de una serie de convenios, establece la libre admisi\u00f3n a la","og_url":"https:\/\/ccmexico.com.mx\/comercio-internacional\/cuaderno-ata-el-pasaporte-de-las-mercancias\/","og_site_name":"Comercio Internacional","article_modified_time":"2026-05-08T16:00:53+00:00","og_image":[{"width":2560,"height":1709,"url":"https:\/\/ccmexico.com.mx\/comercio-internacional\/wp-content\/uploads\/2023\/11\/vista-superior-sobre-solicitud-tarjeta-verde-1-scaled.jpg","type":"image\/jpeg"}],"twitter_card":"summary_large_image","twitter_misc":{"Tiempo de lectura":"2 minutos"},"schema":{"@context":"https:\/\/schema.org","@graph":[{"@type":"WebPage","@id":"https:\/\/ccmexico.com.mx\/comercio-internacional\/cuaderno-ata-el-pasaporte-de-las-mercancias\/","url":"https:\/\/ccmexico.com.mx\/comercio-internacional\/cuaderno-ata-el-pasaporte-de-las-mercancias\/","name":"Cuaderno ATA El Pasaporte de las Mercanc\u00edas - Comercio Internacional","isPartOf":{"@id":"https:\/\/ccmexico.com.mx\/comercio-internacional\/#website"},"primaryImageOfPage":{"@id":"https:\/\/ccmexico.com.mx\/comercio-internacional\/cuaderno-ata-el-pasaporte-de-las-mercancias\/#primaryimage"},"image":{"@id":"https:\/\/ccmexico.com.mx\/comercio-internacional\/cuaderno-ata-el-pasaporte-de-las-mercancias\/#primaryimage"},"thumbnailUrl":"https:\/\/ccmexico.com.mx\/comercio-internacional\/wp-content\/uploads\/2023\/11\/vista-superior-sobre-solicitud-tarjeta-verde-1-scaled.jpg","datePublished":"2023-04-27T23:12:18+00:00","dateModified":"2026-05-08T16:00:53+00:00","description":"El Cuaderno ATA es un documento aduanero internacional unificado que, en el marco de una serie de convenios, establece la libre admisi\u00f3n a la","breadcrumb":{"@id":"https:\/\/ccmexico.com.mx\/comercio-internacional\/cuaderno-ata-el-pasaporte-de-las-mercancias\/#breadcrumb"},"inLanguage":"es","potentialAction":[{"@type":"ReadAction","target":["https:\/\/ccmexico.com.mx\/comercio-internacional\/cuaderno-ata-el-pasaporte-de-las-mercancias\/"]}]},{"@type":"ImageObject","inLanguage":"es","@id":"https:\/\/ccmexico.com.mx\/comercio-internacional\/cuaderno-ata-el-pasaporte-de-las-mercancias\/#primaryimage","url":"https:\/\/ccmexico.com.mx\/comercio-internacional\/wp-content\/uploads\/2023\/11\/vista-superior-sobre-solicitud-tarjeta-verde-1-scaled.jpg","contentUrl":"https:\/\/ccmexico.com.mx\/comercio-internacional\/wp-content\/uploads\/2023\/11\/vista-superior-sobre-solicitud-tarjeta-verde-1-scaled.jpg","width":2560,"height":1709},{"@type":"BreadcrumbList","@id":"https:\/\/ccmexico.com.mx\/comercio-internacional\/cuaderno-ata-el-pasaporte-de-las-mercancias\/#breadcrumb","itemListElement":[{"@type":"ListItem","position":1,"name":"Portada","item":"https:\/\/ccmexico.com.mx\/comercio-internacional\/"},{"@type":"ListItem","position":2,"name":"Cuaderno ATA El Pasaporte de las Mercanc\u00edas"}]},{"@type":"WebSite","@id":"https:\/\/ccmexico.com.mx\/comercio-internacional\/#website","url":"https:\/\/ccmexico.com.mx\/comercio-internacional\/","name":"Comercio Internacional","description":"Comercio Internacional - Canaco","potentialAction":[{"@type":"SearchAction","target":{"@type":"EntryPoint","urlTemplate":"https:\/\/ccmexico.com.mx\/comercio-internacional\/?s={search_term_string}"},"query-input":{"@type":"PropertyValueSpecification","valueRequired":true,"valueName":"search_term_string"}}],"inLanguage":"es"}]}},"_links":{"self":[{"href":"https:\/\/ccmexico.com.mx\/comercio-internacional\/wp-json\/wp\/v2\/pages\/6881","targetHints":{"allow":["GET"]}}],"collection":[{"href":"https:\/\/ccmexico.com.mx\/comercio-internacional\/wp-json\/wp\/v2\/pages"}],"about":[{"href":"https:\/\/ccmexico.com.mx\/comercio-internacional\/wp-json\/wp\/v2\/types\/page"}],"author":[{"embeddable":true,"href":"https:\/\/ccmexico.com.mx\/comercio-internacional\/wp-json\/wp\/v2\/users\/1"}],"replies":[{"embeddable":true,"href":"https:\/\/ccmexico.com.mx\/comercio-internacional\/wp-json\/wp\/v2\/comments?post=6881"}],"version-history":[{"count":74,"href":"https:\/\/ccmexico.com.mx\/comercio-internacional\/wp-json\/wp\/v2\/pages\/6881\/revisions"}],"predecessor-version":[{"id":9692,"href":"https:\/\/ccmexico.com.mx\/comercio-internacional\/wp-json\/wp\/v2\/pages\/6881\/revisions\/9692"}],"wp:featuredmedia":[{"embeddable":true,"href":"https:\/\/ccmexico.com.mx\/comercio-internacional\/wp-json\/wp\/v2\/media\/9282"}],"wp:attachment":[{"href":"https:\/\/ccmexico.com.mx\/comercio-internacional\/wp-json\/wp\/v2\/media?parent=6881"}],"curies":[{"name":"wp","href":"https:\/\/api.w.org\/{rel}","templated":true}]}}