{"id":9295,"date":"2023-11-07T22:16:22","date_gmt":"2023-11-07T22:16:22","guid":{"rendered":"https:\/\/ccmexico.com.mx\/comercio-internacional\/?page_id=9295"},"modified":"2023-11-09T15:19:53","modified_gmt":"2023-11-09T15:19:53","slug":"certificados-de-origen-y-legalizacion-de-documentos","status":"publish","type":"page","link":"https:\/\/ccmexico.com.mx\/comercio-internacional\/certificados-de-origen-y-legalizacion-de-documentos\/","title":{"rendered":"Certificados de Origen y legalizaci\u00f3n de Documentos"},"content":{"rendered":"\t\t<div data-elementor-type=\"wp-page\" data-elementor-id=\"9295\" class=\"elementor elementor-9295\" data-elementor-post-type=\"page\">\n\t\t\t\t\t\t<section data-particle_enable=\"false\" data-particle-mobile-disabled=\"false\" class=\"elementor-section elementor-top-section elementor-element elementor-element-862df86 elementor-section-stretched elementor-section-boxed elementor-section-height-default elementor-section-height-default\" data-id=\"862df86\" data-element_type=\"section\" data-e-type=\"section\" data-settings=\"{&quot;stretch_section&quot;:&quot;section-stretched&quot;}\">\n\t\t\t\t\t\t<div class=\"elementor-container elementor-column-gap-default\">\n\t\t\t\t\t<div class=\"elementor-column elementor-col-100 elementor-top-column elementor-element elementor-element-eac8149\" data-id=\"eac8149\" data-element_type=\"column\" data-e-type=\"column\">\n\t\t\t<div class=\"elementor-widget-wrap elementor-element-populated\">\n\t\t\t\t\t\t<div class=\"elementor-element elementor-element-2ebb09e elementor-widget elementor-widget-spacer\" data-id=\"2ebb09e\" data-element_type=\"widget\" data-e-type=\"widget\" data-widget_type=\"spacer.default\">\n\t\t\t\t<div class=\"elementor-widget-container\">\n\t\t\t\t\t\t\t<div class=\"elementor-spacer\">\n\t\t\t<div class=\"elementor-spacer-inner\"><\/div>\n\t\t<\/div>\n\t\t\t\t\t\t<\/div>\n\t\t\t\t<\/div>\n\t\t\t\t<div class=\"elementor-element elementor-element-6e4536a elementor-widget elementor-widget-text-editor\" data-id=\"6e4536a\" data-element_type=\"widget\" data-e-type=\"widget\" data-widget_type=\"text-editor.default\">\n\t\t\t\t<div class=\"elementor-widget-container\">\n\t\t\t\t\t\t\t\t\t<p>La C\u00e1mara de Comercio te ayuda a fortalecer la confianza y formalidad a tus operaciones de exportaci\u00f3n de mercanc\u00edas.\u00a0<\/p><p>Contamos con\u00a0 las credenciales necesarias para expedir los documentos necesarios para exportar mercanc\u00edas a otros pa\u00edses.<\/p><p>El certificado de origen o los documentos legalizados por parte de la C\u00e1mara de Comercio de la Ciudad de M\u00e9xico, obtendr\u00e1s la confianza y respaldo para demostrar ante las autoridades de cualquier parte del mundo, que la mercanc\u00eda o producto que tratas de exportar es de origen mexicano; de esta forma podr\u00e1s evitar controversias que pueden herir severamente las finanzas o reputaci\u00f3n de tu empresa.<\/p><p>Asimismo, legalizamos la informaci\u00f3n contenida en\u00a0el documento y la calidad jur\u00eddica de las personas cuyas firmas aparecen en \u00e9ste.<\/p><p>\u00a0<\/p><h6 style=\"text-align: center;\"><strong>Contacto: 55 36852269 ext. 1305 certificados1@certificadoscanacomexico.com.mx<\/strong><\/h6>\t\t\t\t\t\t\t\t<\/div>\n\t\t\t\t<\/div>\n\t\t\t\t\t<\/div>\n\t\t<\/div>\n\t\t\t\t\t<\/div>\n\t\t<\/section>\n\t\t\t\t<\/div>\n\t\t","protected":false},"excerpt":{"rendered":"<p>La C\u00e1mara de Comercio te ayuda a fortalecer la confianza y formalidad a tus operaciones de exportaci\u00f3n de mercanc\u00edas.\u00a0 Contamos con\u00a0 las credenciales necesarias para expedir los [&hellip;]<\/p>\n","protected":false},"author":1,"featured_media":9296,"parent":0,"menu_order":0,"comment_status":"closed","ping_status":"closed","template":"","meta":{"footnotes":""},"class_list":["post-9295","page","type-page","status-publish","has-post-thumbnail","hentry"],"yoast_head":"<!-- This site is optimized with the Yoast SEO plugin v27.3 - https:\/\/yoast.com\/product\/yoast-seo-wordpress\/ -->\n<title>Certificados de Origen y legalizaci\u00f3n de Documentos - Comercio Internacional<\/title>\n<meta name=\"description\" content=\"La C\u00e1mara de Comercio te ayuda a fortalecer la confianza y formalidad a tus operaciones de exportaci\u00f3n de mercanc\u00edas.\" \/>\n<meta name=\"robots\" content=\"index, follow, max-snippet:-1, max-image-preview:large, max-video-preview:-1\" \/>\n<link rel=\"canonical\" href=\"https:\/\/ccmexico.com.mx\/comercio-internacional\/certificados-de-origen-y-legalizacion-de-documentos\/\" \/>\n<meta property=\"og:locale\" content=\"es_MX\" \/>\n<meta property=\"og:type\" content=\"article\" \/>\n<meta property=\"og:title\" content=\"Certificados de Origen y legalizaci\u00f3n de Documentos - Comercio Internacional\" \/>\n<meta property=\"og:description\" content=\"La C\u00e1mara de Comercio te ayuda a fortalecer la confianza y formalidad a tus operaciones de exportaci\u00f3n de mercanc\u00edas.\" \/>\n<meta property=\"og:url\" content=\"https:\/\/ccmexico.com.mx\/comercio-internacional\/certificados-de-origen-y-legalizacion-de-documentos\/\" \/>\n<meta property=\"og:site_name\" content=\"Comercio Internacional\" \/>\n<meta property=\"article:modified_time\" content=\"2023-11-09T15:19:53+00:00\" \/>\n<meta property=\"og:image\" content=\"https:\/\/ccmexico.com.mx\/comercio-internacional\/wp-content\/uploads\/2023\/11\/socios-comerciales-que-verifican-firman-documentos-1-scaled.jpg\" \/>\n\t<meta property=\"og:image:width\" content=\"2560\" \/>\n\t<meta property=\"og:image:height\" content=\"1707\" \/>\n\t<meta property=\"og:image:type\" content=\"image\/jpeg\" \/>\n<meta name=\"twitter:card\" content=\"summary_large_image\" \/>\n<meta name=\"twitter:label1\" content=\"Tiempo de lectura\" \/>\n\t<meta name=\"twitter:data1\" content=\"1 minuto\" \/>\n<script type=\"application\/ld+json\" class=\"yoast-schema-graph\">{\"@context\":\"https:\\\/\\\/schema.org\",\"@graph\":[{\"@type\":\"WebPage\",\"@id\":\"https:\\\/\\\/ccmexico.com.mx\\\/comercio-internacional\\\/certificados-de-origen-y-legalizacion-de-documentos\\\/\",\"url\":\"https:\\\/\\\/ccmexico.com.mx\\\/comercio-internacional\\\/certificados-de-origen-y-legalizacion-de-documentos\\\/\",\"name\":\"Certificados de Origen y legalizaci\u00f3n de Documentos - Comercio Internacional\",\"isPartOf\":{\"@id\":\"https:\\\/\\\/ccmexico.com.mx\\\/comercio-internacional\\\/#website\"},\"primaryImageOfPage\":{\"@id\":\"https:\\\/\\\/ccmexico.com.mx\\\/comercio-internacional\\\/certificados-de-origen-y-legalizacion-de-documentos\\\/#primaryimage\"},\"image\":{\"@id\":\"https:\\\/\\\/ccmexico.com.mx\\\/comercio-internacional\\\/certificados-de-origen-y-legalizacion-de-documentos\\\/#primaryimage\"},\"thumbnailUrl\":\"https:\\\/\\\/ccmexico.com.mx\\\/comercio-internacional\\\/wp-content\\\/uploads\\\/2023\\\/11\\\/socios-comerciales-que-verifican-firman-documentos-1-scaled.jpg\",\"datePublished\":\"2023-11-07T22:16:22+00:00\",\"dateModified\":\"2023-11-09T15:19:53+00:00\",\"description\":\"La C\u00e1mara de Comercio te ayuda a fortalecer la confianza y formalidad a tus operaciones de exportaci\u00f3n de mercanc\u00edas.\",\"breadcrumb\":{\"@id\":\"https:\\\/\\\/ccmexico.com.mx\\\/comercio-internacional\\\/certificados-de-origen-y-legalizacion-de-documentos\\\/#breadcrumb\"},\"inLanguage\":\"es\",\"potentialAction\":[{\"@type\":\"ReadAction\",\"target\":[\"https:\\\/\\\/ccmexico.com.mx\\\/comercio-internacional\\\/certificados-de-origen-y-legalizacion-de-documentos\\\/\"]}]},{\"@type\":\"ImageObject\",\"inLanguage\":\"es\",\"@id\":\"https:\\\/\\\/ccmexico.com.mx\\\/comercio-internacional\\\/certificados-de-origen-y-legalizacion-de-documentos\\\/#primaryimage\",\"url\":\"https:\\\/\\\/ccmexico.com.mx\\\/comercio-internacional\\\/wp-content\\\/uploads\\\/2023\\\/11\\\/socios-comerciales-que-verifican-firman-documentos-1-scaled.jpg\",\"contentUrl\":\"https:\\\/\\\/ccmexico.com.mx\\\/comercio-internacional\\\/wp-content\\\/uploads\\\/2023\\\/11\\\/socios-comerciales-que-verifican-firman-documentos-1-scaled.jpg\",\"width\":2560,\"height\":1707},{\"@type\":\"BreadcrumbList\",\"@id\":\"https:\\\/\\\/ccmexico.com.mx\\\/comercio-internacional\\\/certificados-de-origen-y-legalizacion-de-documentos\\\/#breadcrumb\",\"itemListElement\":[{\"@type\":\"ListItem\",\"position\":1,\"name\":\"Portada\",\"item\":\"https:\\\/\\\/ccmexico.com.mx\\\/comercio-internacional\\\/\"},{\"@type\":\"ListItem\",\"position\":2,\"name\":\"Certificados de Origen y legalizaci\u00f3n de Documentos\"}]},{\"@type\":\"WebSite\",\"@id\":\"https:\\\/\\\/ccmexico.com.mx\\\/comercio-internacional\\\/#website\",\"url\":\"https:\\\/\\\/ccmexico.com.mx\\\/comercio-internacional\\\/\",\"name\":\"Comercio Internacional\",\"description\":\"Comercio Internacional - Canaco\",\"potentialAction\":[{\"@type\":\"SearchAction\",\"target\":{\"@type\":\"EntryPoint\",\"urlTemplate\":\"https:\\\/\\\/ccmexico.com.mx\\\/comercio-internacional\\\/?s={search_term_string}\"},\"query-input\":{\"@type\":\"PropertyValueSpecification\",\"valueRequired\":true,\"valueName\":\"search_term_string\"}}],\"inLanguage\":\"es\"}]}<\/script>\n<!-- \/ Yoast SEO plugin. -->","yoast_head_json":{"title":"Certificados de Origen y legalizaci\u00f3n de Documentos - Comercio Internacional","description":"La C\u00e1mara de Comercio te ayuda a fortalecer la confianza y formalidad a tus operaciones de exportaci\u00f3n de mercanc\u00edas.","robots":{"index":"index","follow":"follow","max-snippet":"max-snippet:-1","max-image-preview":"max-image-preview:large","max-video-preview":"max-video-preview:-1"},"canonical":"https:\/\/ccmexico.com.mx\/comercio-internacional\/certificados-de-origen-y-legalizacion-de-documentos\/","og_locale":"es_MX","og_type":"article","og_title":"Certificados de Origen y legalizaci\u00f3n de Documentos - Comercio Internacional","og_description":"La C\u00e1mara de Comercio te ayuda a fortalecer la confianza y formalidad a tus operaciones de exportaci\u00f3n de mercanc\u00edas.","og_url":"https:\/\/ccmexico.com.mx\/comercio-internacional\/certificados-de-origen-y-legalizacion-de-documentos\/","og_site_name":"Comercio Internacional","article_modified_time":"2023-11-09T15:19:53+00:00","og_image":[{"width":2560,"height":1707,"url":"https:\/\/ccmexico.com.mx\/comercio-internacional\/wp-content\/uploads\/2023\/11\/socios-comerciales-que-verifican-firman-documentos-1-scaled.jpg","type":"image\/jpeg"}],"twitter_card":"summary_large_image","twitter_misc":{"Tiempo de lectura":"1 minuto"},"schema":{"@context":"https:\/\/schema.org","@graph":[{"@type":"WebPage","@id":"https:\/\/ccmexico.com.mx\/comercio-internacional\/certificados-de-origen-y-legalizacion-de-documentos\/","url":"https:\/\/ccmexico.com.mx\/comercio-internacional\/certificados-de-origen-y-legalizacion-de-documentos\/","name":"Certificados de Origen y legalizaci\u00f3n de Documentos - Comercio Internacional","isPartOf":{"@id":"https:\/\/ccmexico.com.mx\/comercio-internacional\/#website"},"primaryImageOfPage":{"@id":"https:\/\/ccmexico.com.mx\/comercio-internacional\/certificados-de-origen-y-legalizacion-de-documentos\/#primaryimage"},"image":{"@id":"https:\/\/ccmexico.com.mx\/comercio-internacional\/certificados-de-origen-y-legalizacion-de-documentos\/#primaryimage"},"thumbnailUrl":"https:\/\/ccmexico.com.mx\/comercio-internacional\/wp-content\/uploads\/2023\/11\/socios-comerciales-que-verifican-firman-documentos-1-scaled.jpg","datePublished":"2023-11-07T22:16:22+00:00","dateModified":"2023-11-09T15:19:53+00:00","description":"La C\u00e1mara de Comercio te ayuda a fortalecer la confianza y formalidad a tus operaciones de exportaci\u00f3n de mercanc\u00edas.","breadcrumb":{"@id":"https:\/\/ccmexico.com.mx\/comercio-internacional\/certificados-de-origen-y-legalizacion-de-documentos\/#breadcrumb"},"inLanguage":"es","potentialAction":[{"@type":"ReadAction","target":["https:\/\/ccmexico.com.mx\/comercio-internacional\/certificados-de-origen-y-legalizacion-de-documentos\/"]}]},{"@type":"ImageObject","inLanguage":"es","@id":"https:\/\/ccmexico.com.mx\/comercio-internacional\/certificados-de-origen-y-legalizacion-de-documentos\/#primaryimage","url":"https:\/\/ccmexico.com.mx\/comercio-internacional\/wp-content\/uploads\/2023\/11\/socios-comerciales-que-verifican-firman-documentos-1-scaled.jpg","contentUrl":"https:\/\/ccmexico.com.mx\/comercio-internacional\/wp-content\/uploads\/2023\/11\/socios-comerciales-que-verifican-firman-documentos-1-scaled.jpg","width":2560,"height":1707},{"@type":"BreadcrumbList","@id":"https:\/\/ccmexico.com.mx\/comercio-internacional\/certificados-de-origen-y-legalizacion-de-documentos\/#breadcrumb","itemListElement":[{"@type":"ListItem","position":1,"name":"Portada","item":"https:\/\/ccmexico.com.mx\/comercio-internacional\/"},{"@type":"ListItem","position":2,"name":"Certificados de Origen y legalizaci\u00f3n de Documentos"}]},{"@type":"WebSite","@id":"https:\/\/ccmexico.com.mx\/comercio-internacional\/#website","url":"https:\/\/ccmexico.com.mx\/comercio-internacional\/","name":"Comercio Internacional","description":"Comercio Internacional - Canaco","potentialAction":[{"@type":"SearchAction","target":{"@type":"EntryPoint","urlTemplate":"https:\/\/ccmexico.com.mx\/comercio-internacional\/?s={search_term_string}"},"query-input":{"@type":"PropertyValueSpecification","valueRequired":true,"valueName":"search_term_string"}}],"inLanguage":"es"}]}},"_links":{"self":[{"href":"https:\/\/ccmexico.com.mx\/comercio-internacional\/wp-json\/wp\/v2\/pages\/9295","targetHints":{"allow":["GET"]}}],"collection":[{"href":"https:\/\/ccmexico.com.mx\/comercio-internacional\/wp-json\/wp\/v2\/pages"}],"about":[{"href":"https:\/\/ccmexico.com.mx\/comercio-internacional\/wp-json\/wp\/v2\/types\/page"}],"author":[{"embeddable":true,"href":"https:\/\/ccmexico.com.mx\/comercio-internacional\/wp-json\/wp\/v2\/users\/1"}],"replies":[{"embeddable":true,"href":"https:\/\/ccmexico.com.mx\/comercio-internacional\/wp-json\/wp\/v2\/comments?post=9295"}],"version-history":[{"count":7,"href":"https:\/\/ccmexico.com.mx\/comercio-internacional\/wp-json\/wp\/v2\/pages\/9295\/revisions"}],"predecessor-version":[{"id":9456,"href":"https:\/\/ccmexico.com.mx\/comercio-internacional\/wp-json\/wp\/v2\/pages\/9295\/revisions\/9456"}],"wp:featuredmedia":[{"embeddable":true,"href":"https:\/\/ccmexico.com.mx\/comercio-internacional\/wp-json\/wp\/v2\/media\/9296"}],"wp:attachment":[{"href":"https:\/\/ccmexico.com.mx\/comercio-internacional\/wp-json\/wp\/v2\/media?parent=9295"}],"curies":[{"name":"wp","href":"https:\/\/api.w.org\/{rel}","templated":true}]}}