{"id":9301,"date":"2023-11-07T22:30:31","date_gmt":"2023-11-07T22:30:31","guid":{"rendered":"https:\/\/ccmexico.com.mx\/comercio-internacional\/?page_id=9301"},"modified":"2023-11-09T15:20:36","modified_gmt":"2023-11-09T15:20:36","slug":"ales-asociacion-latinoamericana-de-exportadores-de-servicios","status":"publish","type":"page","link":"https:\/\/ccmexico.com.mx\/comercio-internacional\/ales-asociacion-latinoamericana-de-exportadores-de-servicios\/","title":{"rendered":"ALES Asociaci\u00f3n Latinoamericana de Exportadores de Servicios"},"content":{"rendered":"\t\t<div data-elementor-type=\"wp-page\" data-elementor-id=\"9301\" class=\"elementor elementor-9301\" data-elementor-post-type=\"page\">\n\t\t\t\t\t\t<section data-particle_enable=\"false\" data-particle-mobile-disabled=\"false\" class=\"elementor-section elementor-top-section elementor-element elementor-element-862df86 elementor-section-stretched elementor-section-boxed elementor-section-height-default elementor-section-height-default\" data-id=\"862df86\" data-element_type=\"section\" data-e-type=\"section\" data-settings=\"{&quot;stretch_section&quot;:&quot;section-stretched&quot;}\">\n\t\t\t\t\t\t<div class=\"elementor-container elementor-column-gap-default\">\n\t\t\t\t\t<div class=\"elementor-column elementor-col-100 elementor-top-column elementor-element elementor-element-eac8149\" data-id=\"eac8149\" data-element_type=\"column\" data-e-type=\"column\">\n\t\t\t<div class=\"elementor-widget-wrap elementor-element-populated\">\n\t\t\t\t\t\t<div class=\"elementor-element elementor-element-2ebb09e elementor-widget elementor-widget-spacer\" data-id=\"2ebb09e\" data-element_type=\"widget\" data-e-type=\"widget\" data-widget_type=\"spacer.default\">\n\t\t\t\t<div class=\"elementor-widget-container\">\n\t\t\t\t\t\t\t<div class=\"elementor-spacer\">\n\t\t\t<div class=\"elementor-spacer-inner\"><\/div>\n\t\t<\/div>\n\t\t\t\t\t\t<\/div>\n\t\t\t\t<\/div>\n\t\t\t\t<div class=\"elementor-element elementor-element-6e4536a elementor-widget elementor-widget-text-editor\" data-id=\"6e4536a\" data-element_type=\"widget\" data-e-type=\"widget\" data-widget_type=\"text-editor.default\">\n\t\t\t\t<div class=\"elementor-widget-container\">\n\t\t\t\t\t\t\t\t\t<p>ALES es un organismo internacional integrado por 35 instituciones p\u00fablicas y privadas de 18 pa\u00edses. cuyo objetivo es promocionar a Am\u00e9rica Latina como bloque, La C\u00e1mara Nacional de Comercio de la Ciudad de M\u00e9xico, es socio fundador de esta Asociaci\u00f3n para beneficio de nuestros socios y clientes, y al ser parte de este grupo de instituciones damos la posibilidad de un acercamiento de manera directa de los principales representantes de Latinoam\u00e9rica, adem\u00e1s Nuestro objetivo es promocionar a Am\u00e9rica Latina como exportador de conocimiento y destino de inversiones en el sector servicios globales.\u00a0 En los \u00faltimos a\u00f1os, el comercio internacional de servicios ha crecido sustancialmente. Este fen\u00f3meno otorga a los pa\u00edses en desarrollo la oportunidad de optimizar su inserci\u00f3n internacional y alcanzar un desarrollo econ\u00f3mico sustentable.\u00a0 Am\u00e9rica Latina es un hub de servicios globales emergente. Para apoyar su crecimiento, es fundamental cubrir las limitaciones en informaci\u00f3n y optimizar su promoci\u00f3n internacional.<\/p><p>\u00a0<\/p>\t\t\t\t\t\t\t\t<\/div>\n\t\t\t\t<\/div>\n\t\t\t\t\t<\/div>\n\t\t<\/div>\n\t\t\t\t\t<\/div>\n\t\t<\/section>\n\t\t\t\t<\/div>\n\t\t","protected":false},"excerpt":{"rendered":"<p>ALES es un organismo internacional integrado por 35 instituciones p\u00fablicas y privadas de 18 pa\u00edses. cuyo objetivo es promocionar a Am\u00e9rica Latina como bloque, La C\u00e1mara Nacional [&hellip;]<\/p>\n","protected":false},"author":1,"featured_media":9302,"parent":0,"menu_order":0,"comment_status":"closed","ping_status":"closed","template":"","meta":{"footnotes":""},"class_list":["post-9301","page","type-page","status-publish","has-post-thumbnail","hentry"],"yoast_head":"<!-- This site is optimized with the Yoast SEO plugin v27.4 - https:\/\/yoast.com\/product\/yoast-seo-wordpress\/ -->\n<title>ALES Asociaci\u00f3n Latinoamericana de Exportadores de Servicios - Comercio Internacional<\/title>\n<meta name=\"description\" content=\"ALES es un organismo internacional integrado por 35 instituciones p\u00fablicas y privadas de 18 pa\u00edses. cuyo objetivo es promocionar a Am\u00e9rica Lat\" \/>\n<meta name=\"robots\" content=\"index, follow, max-snippet:-1, max-image-preview:large, max-video-preview:-1\" \/>\n<link rel=\"canonical\" href=\"https:\/\/ccmexico.com.mx\/comercio-internacional\/ales-asociacion-latinoamericana-de-exportadores-de-servicios\/\" \/>\n<meta property=\"og:locale\" content=\"es_MX\" \/>\n<meta property=\"og:type\" content=\"article\" \/>\n<meta property=\"og:title\" content=\"ALES Asociaci\u00f3n Latinoamericana de Exportadores de Servicios - Comercio Internacional\" \/>\n<meta property=\"og:description\" content=\"ALES es un organismo internacional integrado por 35 instituciones p\u00fablicas y privadas de 18 pa\u00edses. cuyo objetivo es promocionar a Am\u00e9rica Lat\" \/>\n<meta property=\"og:url\" content=\"https:\/\/ccmexico.com.mx\/comercio-internacional\/ales-asociacion-latinoamericana-de-exportadores-de-servicios\/\" \/>\n<meta property=\"og:site_name\" content=\"Comercio Internacional\" \/>\n<meta property=\"article:modified_time\" content=\"2023-11-09T15:20:36+00:00\" \/>\n<meta property=\"og:image\" content=\"https:\/\/ccmexico.com.mx\/comercio-internacional\/wp-content\/uploads\/2023\/11\/primer-plano-hombre-negocios-tenencia-globo-1-scaled.jpg\" \/>\n\t<meta property=\"og:image:width\" content=\"2152\" \/>\n\t<meta property=\"og:image:height\" content=\"2560\" \/>\n\t<meta property=\"og:image:type\" content=\"image\/jpeg\" \/>\n<meta name=\"twitter:card\" content=\"summary_large_image\" \/>\n<meta name=\"twitter:label1\" content=\"Tiempo de lectura\" \/>\n\t<meta name=\"twitter:data1\" content=\"1 minuto\" \/>\n<script type=\"application\/ld+json\" class=\"yoast-schema-graph\">{\"@context\":\"https:\\\/\\\/schema.org\",\"@graph\":[{\"@type\":\"WebPage\",\"@id\":\"https:\\\/\\\/ccmexico.com.mx\\\/comercio-internacional\\\/ales-asociacion-latinoamericana-de-exportadores-de-servicios\\\/\",\"url\":\"https:\\\/\\\/ccmexico.com.mx\\\/comercio-internacional\\\/ales-asociacion-latinoamericana-de-exportadores-de-servicios\\\/\",\"name\":\"ALES Asociaci\u00f3n Latinoamericana de Exportadores de Servicios - Comercio Internacional\",\"isPartOf\":{\"@id\":\"https:\\\/\\\/ccmexico.com.mx\\\/comercio-internacional\\\/#website\"},\"primaryImageOfPage\":{\"@id\":\"https:\\\/\\\/ccmexico.com.mx\\\/comercio-internacional\\\/ales-asociacion-latinoamericana-de-exportadores-de-servicios\\\/#primaryimage\"},\"image\":{\"@id\":\"https:\\\/\\\/ccmexico.com.mx\\\/comercio-internacional\\\/ales-asociacion-latinoamericana-de-exportadores-de-servicios\\\/#primaryimage\"},\"thumbnailUrl\":\"https:\\\/\\\/ccmexico.com.mx\\\/comercio-internacional\\\/wp-content\\\/uploads\\\/2023\\\/11\\\/primer-plano-hombre-negocios-tenencia-globo-1-scaled.jpg\",\"datePublished\":\"2023-11-07T22:30:31+00:00\",\"dateModified\":\"2023-11-09T15:20:36+00:00\",\"description\":\"ALES es un organismo internacional integrado por 35 instituciones p\u00fablicas y privadas de 18 pa\u00edses. cuyo objetivo es promocionar a Am\u00e9rica Lat\",\"breadcrumb\":{\"@id\":\"https:\\\/\\\/ccmexico.com.mx\\\/comercio-internacional\\\/ales-asociacion-latinoamericana-de-exportadores-de-servicios\\\/#breadcrumb\"},\"inLanguage\":\"es\",\"potentialAction\":[{\"@type\":\"ReadAction\",\"target\":[\"https:\\\/\\\/ccmexico.com.mx\\\/comercio-internacional\\\/ales-asociacion-latinoamericana-de-exportadores-de-servicios\\\/\"]}]},{\"@type\":\"ImageObject\",\"inLanguage\":\"es\",\"@id\":\"https:\\\/\\\/ccmexico.com.mx\\\/comercio-internacional\\\/ales-asociacion-latinoamericana-de-exportadores-de-servicios\\\/#primaryimage\",\"url\":\"https:\\\/\\\/ccmexico.com.mx\\\/comercio-internacional\\\/wp-content\\\/uploads\\\/2023\\\/11\\\/primer-plano-hombre-negocios-tenencia-globo-1-scaled.jpg\",\"contentUrl\":\"https:\\\/\\\/ccmexico.com.mx\\\/comercio-internacional\\\/wp-content\\\/uploads\\\/2023\\\/11\\\/primer-plano-hombre-negocios-tenencia-globo-1-scaled.jpg\",\"width\":2152,\"height\":2560},{\"@type\":\"BreadcrumbList\",\"@id\":\"https:\\\/\\\/ccmexico.com.mx\\\/comercio-internacional\\\/ales-asociacion-latinoamericana-de-exportadores-de-servicios\\\/#breadcrumb\",\"itemListElement\":[{\"@type\":\"ListItem\",\"position\":1,\"name\":\"Portada\",\"item\":\"https:\\\/\\\/ccmexico.com.mx\\\/comercio-internacional\\\/\"},{\"@type\":\"ListItem\",\"position\":2,\"name\":\"ALES Asociaci\u00f3n Latinoamericana de Exportadores de Servicios\"}]},{\"@type\":\"WebSite\",\"@id\":\"https:\\\/\\\/ccmexico.com.mx\\\/comercio-internacional\\\/#website\",\"url\":\"https:\\\/\\\/ccmexico.com.mx\\\/comercio-internacional\\\/\",\"name\":\"Comercio Internacional\",\"description\":\"Comercio Internacional - Canaco\",\"potentialAction\":[{\"@type\":\"SearchAction\",\"target\":{\"@type\":\"EntryPoint\",\"urlTemplate\":\"https:\\\/\\\/ccmexico.com.mx\\\/comercio-internacional\\\/?s={search_term_string}\"},\"query-input\":{\"@type\":\"PropertyValueSpecification\",\"valueRequired\":true,\"valueName\":\"search_term_string\"}}],\"inLanguage\":\"es\"}]}<\/script>\n<!-- \/ Yoast SEO plugin. -->","yoast_head_json":{"title":"ALES Asociaci\u00f3n Latinoamericana de Exportadores de Servicios - Comercio Internacional","description":"ALES es un organismo internacional integrado por 35 instituciones p\u00fablicas y privadas de 18 pa\u00edses. cuyo objetivo es promocionar a Am\u00e9rica Lat","robots":{"index":"index","follow":"follow","max-snippet":"max-snippet:-1","max-image-preview":"max-image-preview:large","max-video-preview":"max-video-preview:-1"},"canonical":"https:\/\/ccmexico.com.mx\/comercio-internacional\/ales-asociacion-latinoamericana-de-exportadores-de-servicios\/","og_locale":"es_MX","og_type":"article","og_title":"ALES Asociaci\u00f3n Latinoamericana de Exportadores de Servicios - Comercio Internacional","og_description":"ALES es un organismo internacional integrado por 35 instituciones p\u00fablicas y privadas de 18 pa\u00edses. cuyo objetivo es promocionar a Am\u00e9rica Lat","og_url":"https:\/\/ccmexico.com.mx\/comercio-internacional\/ales-asociacion-latinoamericana-de-exportadores-de-servicios\/","og_site_name":"Comercio Internacional","article_modified_time":"2023-11-09T15:20:36+00:00","og_image":[{"width":2152,"height":2560,"url":"https:\/\/ccmexico.com.mx\/comercio-internacional\/wp-content\/uploads\/2023\/11\/primer-plano-hombre-negocios-tenencia-globo-1-scaled.jpg","type":"image\/jpeg"}],"twitter_card":"summary_large_image","twitter_misc":{"Tiempo de lectura":"1 minuto"},"schema":{"@context":"https:\/\/schema.org","@graph":[{"@type":"WebPage","@id":"https:\/\/ccmexico.com.mx\/comercio-internacional\/ales-asociacion-latinoamericana-de-exportadores-de-servicios\/","url":"https:\/\/ccmexico.com.mx\/comercio-internacional\/ales-asociacion-latinoamericana-de-exportadores-de-servicios\/","name":"ALES Asociaci\u00f3n Latinoamericana de Exportadores de Servicios - Comercio Internacional","isPartOf":{"@id":"https:\/\/ccmexico.com.mx\/comercio-internacional\/#website"},"primaryImageOfPage":{"@id":"https:\/\/ccmexico.com.mx\/comercio-internacional\/ales-asociacion-latinoamericana-de-exportadores-de-servicios\/#primaryimage"},"image":{"@id":"https:\/\/ccmexico.com.mx\/comercio-internacional\/ales-asociacion-latinoamericana-de-exportadores-de-servicios\/#primaryimage"},"thumbnailUrl":"https:\/\/ccmexico.com.mx\/comercio-internacional\/wp-content\/uploads\/2023\/11\/primer-plano-hombre-negocios-tenencia-globo-1-scaled.jpg","datePublished":"2023-11-07T22:30:31+00:00","dateModified":"2023-11-09T15:20:36+00:00","description":"ALES es un organismo internacional integrado por 35 instituciones p\u00fablicas y privadas de 18 pa\u00edses. cuyo objetivo es promocionar a Am\u00e9rica Lat","breadcrumb":{"@id":"https:\/\/ccmexico.com.mx\/comercio-internacional\/ales-asociacion-latinoamericana-de-exportadores-de-servicios\/#breadcrumb"},"inLanguage":"es","potentialAction":[{"@type":"ReadAction","target":["https:\/\/ccmexico.com.mx\/comercio-internacional\/ales-asociacion-latinoamericana-de-exportadores-de-servicios\/"]}]},{"@type":"ImageObject","inLanguage":"es","@id":"https:\/\/ccmexico.com.mx\/comercio-internacional\/ales-asociacion-latinoamericana-de-exportadores-de-servicios\/#primaryimage","url":"https:\/\/ccmexico.com.mx\/comercio-internacional\/wp-content\/uploads\/2023\/11\/primer-plano-hombre-negocios-tenencia-globo-1-scaled.jpg","contentUrl":"https:\/\/ccmexico.com.mx\/comercio-internacional\/wp-content\/uploads\/2023\/11\/primer-plano-hombre-negocios-tenencia-globo-1-scaled.jpg","width":2152,"height":2560},{"@type":"BreadcrumbList","@id":"https:\/\/ccmexico.com.mx\/comercio-internacional\/ales-asociacion-latinoamericana-de-exportadores-de-servicios\/#breadcrumb","itemListElement":[{"@type":"ListItem","position":1,"name":"Portada","item":"https:\/\/ccmexico.com.mx\/comercio-internacional\/"},{"@type":"ListItem","position":2,"name":"ALES Asociaci\u00f3n Latinoamericana de Exportadores de Servicios"}]},{"@type":"WebSite","@id":"https:\/\/ccmexico.com.mx\/comercio-internacional\/#website","url":"https:\/\/ccmexico.com.mx\/comercio-internacional\/","name":"Comercio Internacional","description":"Comercio Internacional - Canaco","potentialAction":[{"@type":"SearchAction","target":{"@type":"EntryPoint","urlTemplate":"https:\/\/ccmexico.com.mx\/comercio-internacional\/?s={search_term_string}"},"query-input":{"@type":"PropertyValueSpecification","valueRequired":true,"valueName":"search_term_string"}}],"inLanguage":"es"}]}},"_links":{"self":[{"href":"https:\/\/ccmexico.com.mx\/comercio-internacional\/wp-json\/wp\/v2\/pages\/9301","targetHints":{"allow":["GET"]}}],"collection":[{"href":"https:\/\/ccmexico.com.mx\/comercio-internacional\/wp-json\/wp\/v2\/pages"}],"about":[{"href":"https:\/\/ccmexico.com.mx\/comercio-internacional\/wp-json\/wp\/v2\/types\/page"}],"author":[{"embeddable":true,"href":"https:\/\/ccmexico.com.mx\/comercio-internacional\/wp-json\/wp\/v2\/users\/1"}],"replies":[{"embeddable":true,"href":"https:\/\/ccmexico.com.mx\/comercio-internacional\/wp-json\/wp\/v2\/comments?post=9301"}],"version-history":[{"count":7,"href":"https:\/\/ccmexico.com.mx\/comercio-internacional\/wp-json\/wp\/v2\/pages\/9301\/revisions"}],"predecessor-version":[{"id":9465,"href":"https:\/\/ccmexico.com.mx\/comercio-internacional\/wp-json\/wp\/v2\/pages\/9301\/revisions\/9465"}],"wp:featuredmedia":[{"embeddable":true,"href":"https:\/\/ccmexico.com.mx\/comercio-internacional\/wp-json\/wp\/v2\/media\/9302"}],"wp:attachment":[{"href":"https:\/\/ccmexico.com.mx\/comercio-internacional\/wp-json\/wp\/v2\/media?parent=9301"}],"curies":[{"name":"wp","href":"https:\/\/api.w.org\/{rel}","templated":true}]}}