{"id":9307,"date":"2023-11-07T22:36:30","date_gmt":"2023-11-07T22:36:30","guid":{"rendered":"https:\/\/ccmexico.com.mx\/comercio-internacional\/?page_id=9307"},"modified":"2024-03-12T16:43:56","modified_gmt":"2024-03-12T16:43:56","slug":"asesorias-especializadas-para-importacion-y-exportacion","status":"publish","type":"page","link":"https:\/\/ccmexico.com.mx\/comercio-internacional\/asesorias-especializadas-para-importacion-y-exportacion\/","title":{"rendered":"Asesor\u00edas Especializadas para Importaci\u00f3n y Exportaci\u00f3n"},"content":{"rendered":"\t\t<div data-elementor-type=\"wp-page\" data-elementor-id=\"9307\" class=\"elementor elementor-9307\" data-elementor-post-type=\"page\">\n\t\t\t\t\t\t<section data-particle_enable=\"false\" data-particle-mobile-disabled=\"false\" class=\"elementor-section elementor-top-section elementor-element elementor-element-862df86 elementor-section-stretched elementor-section-boxed elementor-section-height-default elementor-section-height-default\" data-id=\"862df86\" data-element_type=\"section\" data-e-type=\"section\" data-settings=\"{&quot;stretch_section&quot;:&quot;section-stretched&quot;}\">\n\t\t\t\t\t\t<div class=\"elementor-container elementor-column-gap-default\">\n\t\t\t\t\t<div class=\"elementor-column elementor-col-100 elementor-top-column elementor-element elementor-element-eac8149\" data-id=\"eac8149\" data-element_type=\"column\" data-e-type=\"column\">\n\t\t\t<div class=\"elementor-widget-wrap elementor-element-populated\">\n\t\t\t\t\t\t<div class=\"elementor-element elementor-element-2ebb09e elementor-widget elementor-widget-spacer\" data-id=\"2ebb09e\" data-element_type=\"widget\" data-e-type=\"widget\" data-widget_type=\"spacer.default\">\n\t\t\t\t<div class=\"elementor-widget-container\">\n\t\t\t\t\t\t\t<div class=\"elementor-spacer\">\n\t\t\t<div class=\"elementor-spacer-inner\"><\/div>\n\t\t<\/div>\n\t\t\t\t\t\t<\/div>\n\t\t\t\t<\/div>\n\t\t\t\t<div class=\"elementor-element elementor-element-6e4536a elementor-widget elementor-widget-text-editor\" data-id=\"6e4536a\" data-element_type=\"widget\" data-e-type=\"widget\" data-widget_type=\"text-editor.default\">\n\t\t\t\t<div class=\"elementor-widget-container\">\n\t\t\t\t\t\t\t\t\t<p>Otorgamos un servicio en el que como consultores realizamos\u00a0asesor\u00edas\u00a0respecto a las actividades:<\/p><ul><li>Importaci\u00f3n de Productos en General<\/li><li>Exportaci\u00f3n de Productos en General<\/li><li>Transporte<\/li><li>Logistica<\/li><li>Normativas Aduaneras<\/li><li>Estudios de Mercado<\/li><\/ul>\t\t\t\t\t\t\t\t<\/div>\n\t\t\t\t<\/div>\n\t\t\t\t<div class=\"elementor-element elementor-element-2591e0a elementor-widget elementor-widget-text-editor\" data-id=\"2591e0a\" data-element_type=\"widget\" data-e-type=\"widget\" data-widget_type=\"text-editor.default\">\n\t\t\t\t<div class=\"elementor-widget-container\">\n\t\t\t\t\t\t\t\t\t<p style=\"font-size: 18px;\"><strong>Comunicarse con: Dra. Karen Arag\u00f3n , Encargada de Padr\u00f3n ATA, correo electr\u00f3nico: karagonc@camaradecomerciodemexico.com.mx, Tel. +52 (55 3685 2269) ext. 1301<\/strong><\/p>\t\t\t\t\t\t\t\t<\/div>\n\t\t\t\t<\/div>\n\t\t\t\t\t<\/div>\n\t\t<\/div>\n\t\t\t\t\t<\/div>\n\t\t<\/section>\n\t\t\t\t<\/div>\n\t\t","protected":false},"excerpt":{"rendered":"<p>Otorgamos un servicio en el que como consultores realizamos\u00a0asesor\u00edas\u00a0respecto a las actividades: Importaci\u00f3n de Productos en General Exportaci\u00f3n de Productos en General Transporte Logistica Normativas Aduaneras Estudios [&hellip;]<\/p>\n","protected":false},"author":1,"featured_media":9308,"parent":0,"menu_order":0,"comment_status":"closed","ping_status":"closed","template":"","meta":{"footnotes":""},"class_list":["post-9307","page","type-page","status-publish","has-post-thumbnail","hentry"],"yoast_head":"<!-- This site is optimized with the Yoast SEO plugin v27.5 - https:\/\/yoast.com\/product\/yoast-seo-wordpress\/ -->\n<title>Asesor\u00edas Especializadas para Importaci\u00f3n y Exportaci\u00f3n - Comercio Internacional<\/title>\n<meta name=\"description\" content=\"Otorgamos un servicio en el que como consultores realizamos asesor\u00edas respecto a las actividades: Importaci\u00f3n de Productos en General\" \/>\n<meta name=\"robots\" content=\"index, follow, max-snippet:-1, max-image-preview:large, max-video-preview:-1\" \/>\n<link rel=\"canonical\" href=\"https:\/\/ccmexico.com.mx\/comercio-internacional\/asesorias-especializadas-para-importacion-y-exportacion\/\" \/>\n<meta property=\"og:locale\" content=\"es_MX\" \/>\n<meta property=\"og:type\" content=\"article\" \/>\n<meta property=\"og:title\" content=\"Asesor\u00edas Especializadas para Importaci\u00f3n y Exportaci\u00f3n - Comercio Internacional\" \/>\n<meta property=\"og:description\" content=\"Otorgamos un servicio en el que como consultores realizamos asesor\u00edas respecto a las actividades: Importaci\u00f3n de Productos en General\" \/>\n<meta property=\"og:url\" content=\"https:\/\/ccmexico.com.mx\/comercio-internacional\/asesorias-especializadas-para-importacion-y-exportacion\/\" \/>\n<meta property=\"og:site_name\" content=\"Comercio Internacional\" \/>\n<meta property=\"article:modified_time\" content=\"2024-03-12T16:43:56+00:00\" \/>\n<meta property=\"og:image\" content=\"https:\/\/ccmexico.com.mx\/comercio-internacional\/wp-content\/uploads\/2023\/11\/agente-inmobiliario-femenino-que-muestra-nuevo-hogar-joven-despues-discusion-sobre-planos-casa-1-scaled.jpg\" \/>\n\t<meta property=\"og:image:width\" content=\"2560\" \/>\n\t<meta property=\"og:image:height\" content=\"1707\" \/>\n\t<meta property=\"og:image:type\" content=\"image\/jpeg\" \/>\n<meta name=\"twitter:card\" content=\"summary_large_image\" \/>\n<meta name=\"twitter:label1\" content=\"Tiempo de lectura\" \/>\n\t<meta name=\"twitter:data1\" content=\"1 minuto\" \/>\n<script type=\"application\/ld+json\" class=\"yoast-schema-graph\">{\"@context\":\"https:\\\/\\\/schema.org\",\"@graph\":[{\"@type\":\"WebPage\",\"@id\":\"https:\\\/\\\/ccmexico.com.mx\\\/comercio-internacional\\\/asesorias-especializadas-para-importacion-y-exportacion\\\/\",\"url\":\"https:\\\/\\\/ccmexico.com.mx\\\/comercio-internacional\\\/asesorias-especializadas-para-importacion-y-exportacion\\\/\",\"name\":\"Asesor\u00edas Especializadas para Importaci\u00f3n y Exportaci\u00f3n - Comercio Internacional\",\"isPartOf\":{\"@id\":\"https:\\\/\\\/ccmexico.com.mx\\\/comercio-internacional\\\/#website\"},\"primaryImageOfPage\":{\"@id\":\"https:\\\/\\\/ccmexico.com.mx\\\/comercio-internacional\\\/asesorias-especializadas-para-importacion-y-exportacion\\\/#primaryimage\"},\"image\":{\"@id\":\"https:\\\/\\\/ccmexico.com.mx\\\/comercio-internacional\\\/asesorias-especializadas-para-importacion-y-exportacion\\\/#primaryimage\"},\"thumbnailUrl\":\"https:\\\/\\\/ccmexico.com.mx\\\/comercio-internacional\\\/wp-content\\\/uploads\\\/2023\\\/11\\\/agente-inmobiliario-femenino-que-muestra-nuevo-hogar-joven-despues-discusion-sobre-planos-casa-1-scaled.jpg\",\"datePublished\":\"2023-11-07T22:36:30+00:00\",\"dateModified\":\"2024-03-12T16:43:56+00:00\",\"description\":\"Otorgamos un servicio en el que como consultores realizamos asesor\u00edas respecto a las actividades: Importaci\u00f3n de Productos en General\",\"breadcrumb\":{\"@id\":\"https:\\\/\\\/ccmexico.com.mx\\\/comercio-internacional\\\/asesorias-especializadas-para-importacion-y-exportacion\\\/#breadcrumb\"},\"inLanguage\":\"es\",\"potentialAction\":[{\"@type\":\"ReadAction\",\"target\":[\"https:\\\/\\\/ccmexico.com.mx\\\/comercio-internacional\\\/asesorias-especializadas-para-importacion-y-exportacion\\\/\"]}]},{\"@type\":\"ImageObject\",\"inLanguage\":\"es\",\"@id\":\"https:\\\/\\\/ccmexico.com.mx\\\/comercio-internacional\\\/asesorias-especializadas-para-importacion-y-exportacion\\\/#primaryimage\",\"url\":\"https:\\\/\\\/ccmexico.com.mx\\\/comercio-internacional\\\/wp-content\\\/uploads\\\/2023\\\/11\\\/agente-inmobiliario-femenino-que-muestra-nuevo-hogar-joven-despues-discusion-sobre-planos-casa-1-scaled.jpg\",\"contentUrl\":\"https:\\\/\\\/ccmexico.com.mx\\\/comercio-internacional\\\/wp-content\\\/uploads\\\/2023\\\/11\\\/agente-inmobiliario-femenino-que-muestra-nuevo-hogar-joven-despues-discusion-sobre-planos-casa-1-scaled.jpg\",\"width\":2560,\"height\":1707},{\"@type\":\"BreadcrumbList\",\"@id\":\"https:\\\/\\\/ccmexico.com.mx\\\/comercio-internacional\\\/asesorias-especializadas-para-importacion-y-exportacion\\\/#breadcrumb\",\"itemListElement\":[{\"@type\":\"ListItem\",\"position\":1,\"name\":\"Portada\",\"item\":\"https:\\\/\\\/ccmexico.com.mx\\\/comercio-internacional\\\/\"},{\"@type\":\"ListItem\",\"position\":2,\"name\":\"Asesor\u00edas Especializadas para Importaci\u00f3n y Exportaci\u00f3n\"}]},{\"@type\":\"WebSite\",\"@id\":\"https:\\\/\\\/ccmexico.com.mx\\\/comercio-internacional\\\/#website\",\"url\":\"https:\\\/\\\/ccmexico.com.mx\\\/comercio-internacional\\\/\",\"name\":\"Comercio Internacional\",\"description\":\"Comercio Internacional - Canaco\",\"potentialAction\":[{\"@type\":\"SearchAction\",\"target\":{\"@type\":\"EntryPoint\",\"urlTemplate\":\"https:\\\/\\\/ccmexico.com.mx\\\/comercio-internacional\\\/?s={search_term_string}\"},\"query-input\":{\"@type\":\"PropertyValueSpecification\",\"valueRequired\":true,\"valueName\":\"search_term_string\"}}],\"inLanguage\":\"es\"}]}<\/script>\n<!-- \/ Yoast SEO plugin. -->","yoast_head_json":{"title":"Asesor\u00edas Especializadas para Importaci\u00f3n y Exportaci\u00f3n - Comercio Internacional","description":"Otorgamos un servicio en el que como consultores realizamos asesor\u00edas respecto a las actividades: Importaci\u00f3n de Productos en General","robots":{"index":"index","follow":"follow","max-snippet":"max-snippet:-1","max-image-preview":"max-image-preview:large","max-video-preview":"max-video-preview:-1"},"canonical":"https:\/\/ccmexico.com.mx\/comercio-internacional\/asesorias-especializadas-para-importacion-y-exportacion\/","og_locale":"es_MX","og_type":"article","og_title":"Asesor\u00edas Especializadas para Importaci\u00f3n y Exportaci\u00f3n - Comercio Internacional","og_description":"Otorgamos un servicio en el que como consultores realizamos asesor\u00edas respecto a las actividades: Importaci\u00f3n de Productos en General","og_url":"https:\/\/ccmexico.com.mx\/comercio-internacional\/asesorias-especializadas-para-importacion-y-exportacion\/","og_site_name":"Comercio Internacional","article_modified_time":"2024-03-12T16:43:56+00:00","og_image":[{"width":2560,"height":1707,"url":"https:\/\/ccmexico.com.mx\/comercio-internacional\/wp-content\/uploads\/2023\/11\/agente-inmobiliario-femenino-que-muestra-nuevo-hogar-joven-despues-discusion-sobre-planos-casa-1-scaled.jpg","type":"image\/jpeg"}],"twitter_card":"summary_large_image","twitter_misc":{"Tiempo de lectura":"1 minuto"},"schema":{"@context":"https:\/\/schema.org","@graph":[{"@type":"WebPage","@id":"https:\/\/ccmexico.com.mx\/comercio-internacional\/asesorias-especializadas-para-importacion-y-exportacion\/","url":"https:\/\/ccmexico.com.mx\/comercio-internacional\/asesorias-especializadas-para-importacion-y-exportacion\/","name":"Asesor\u00edas Especializadas para Importaci\u00f3n y Exportaci\u00f3n - Comercio Internacional","isPartOf":{"@id":"https:\/\/ccmexico.com.mx\/comercio-internacional\/#website"},"primaryImageOfPage":{"@id":"https:\/\/ccmexico.com.mx\/comercio-internacional\/asesorias-especializadas-para-importacion-y-exportacion\/#primaryimage"},"image":{"@id":"https:\/\/ccmexico.com.mx\/comercio-internacional\/asesorias-especializadas-para-importacion-y-exportacion\/#primaryimage"},"thumbnailUrl":"https:\/\/ccmexico.com.mx\/comercio-internacional\/wp-content\/uploads\/2023\/11\/agente-inmobiliario-femenino-que-muestra-nuevo-hogar-joven-despues-discusion-sobre-planos-casa-1-scaled.jpg","datePublished":"2023-11-07T22:36:30+00:00","dateModified":"2024-03-12T16:43:56+00:00","description":"Otorgamos un servicio en el que como consultores realizamos asesor\u00edas respecto a las actividades: Importaci\u00f3n de Productos en General","breadcrumb":{"@id":"https:\/\/ccmexico.com.mx\/comercio-internacional\/asesorias-especializadas-para-importacion-y-exportacion\/#breadcrumb"},"inLanguage":"es","potentialAction":[{"@type":"ReadAction","target":["https:\/\/ccmexico.com.mx\/comercio-internacional\/asesorias-especializadas-para-importacion-y-exportacion\/"]}]},{"@type":"ImageObject","inLanguage":"es","@id":"https:\/\/ccmexico.com.mx\/comercio-internacional\/asesorias-especializadas-para-importacion-y-exportacion\/#primaryimage","url":"https:\/\/ccmexico.com.mx\/comercio-internacional\/wp-content\/uploads\/2023\/11\/agente-inmobiliario-femenino-que-muestra-nuevo-hogar-joven-despues-discusion-sobre-planos-casa-1-scaled.jpg","contentUrl":"https:\/\/ccmexico.com.mx\/comercio-internacional\/wp-content\/uploads\/2023\/11\/agente-inmobiliario-femenino-que-muestra-nuevo-hogar-joven-despues-discusion-sobre-planos-casa-1-scaled.jpg","width":2560,"height":1707},{"@type":"BreadcrumbList","@id":"https:\/\/ccmexico.com.mx\/comercio-internacional\/asesorias-especializadas-para-importacion-y-exportacion\/#breadcrumb","itemListElement":[{"@type":"ListItem","position":1,"name":"Portada","item":"https:\/\/ccmexico.com.mx\/comercio-internacional\/"},{"@type":"ListItem","position":2,"name":"Asesor\u00edas Especializadas para Importaci\u00f3n y Exportaci\u00f3n"}]},{"@type":"WebSite","@id":"https:\/\/ccmexico.com.mx\/comercio-internacional\/#website","url":"https:\/\/ccmexico.com.mx\/comercio-internacional\/","name":"Comercio Internacional","description":"Comercio Internacional - Canaco","potentialAction":[{"@type":"SearchAction","target":{"@type":"EntryPoint","urlTemplate":"https:\/\/ccmexico.com.mx\/comercio-internacional\/?s={search_term_string}"},"query-input":{"@type":"PropertyValueSpecification","valueRequired":true,"valueName":"search_term_string"}}],"inLanguage":"es"}]}},"_links":{"self":[{"href":"https:\/\/ccmexico.com.mx\/comercio-internacional\/wp-json\/wp\/v2\/pages\/9307","targetHints":{"allow":["GET"]}}],"collection":[{"href":"https:\/\/ccmexico.com.mx\/comercio-internacional\/wp-json\/wp\/v2\/pages"}],"about":[{"href":"https:\/\/ccmexico.com.mx\/comercio-internacional\/wp-json\/wp\/v2\/types\/page"}],"author":[{"embeddable":true,"href":"https:\/\/ccmexico.com.mx\/comercio-internacional\/wp-json\/wp\/v2\/users\/1"}],"replies":[{"embeddable":true,"href":"https:\/\/ccmexico.com.mx\/comercio-internacional\/wp-json\/wp\/v2\/comments?post=9307"}],"version-history":[{"count":13,"href":"https:\/\/ccmexico.com.mx\/comercio-internacional\/wp-json\/wp\/v2\/pages\/9307\/revisions"}],"predecessor-version":[{"id":9581,"href":"https:\/\/ccmexico.com.mx\/comercio-internacional\/wp-json\/wp\/v2\/pages\/9307\/revisions\/9581"}],"wp:featuredmedia":[{"embeddable":true,"href":"https:\/\/ccmexico.com.mx\/comercio-internacional\/wp-json\/wp\/v2\/media\/9308"}],"wp:attachment":[{"href":"https:\/\/ccmexico.com.mx\/comercio-internacional\/wp-json\/wp\/v2\/media?parent=9307"}],"curies":[{"name":"wp","href":"https:\/\/api.w.org\/{rel}","templated":true}]}}