{"id":9313,"date":"2023-11-07T22:41:30","date_gmt":"2023-11-07T22:41:30","guid":{"rendered":"https:\/\/ccmexico.com.mx\/comercio-internacional\/?page_id=9313"},"modified":"2025-04-24T15:18:29","modified_gmt":"2025-04-24T15:18:29","slug":"diplomado-de-comercio-internacional","status":"publish","type":"page","link":"https:\/\/ccmexico.com.mx\/comercio-internacional\/diplomado-de-comercio-internacional\/","title":{"rendered":"Diplomado de Comercio Internacional"},"content":{"rendered":"\t\t<div data-elementor-type=\"wp-page\" data-elementor-id=\"9313\" class=\"elementor elementor-9313\" data-elementor-post-type=\"page\">\n\t\t\t\t\t\t<section data-particle_enable=\"false\" data-particle-mobile-disabled=\"false\" class=\"elementor-section elementor-top-section elementor-element elementor-element-d64dd15 elementor-section-full_width elementor-section-stretched elementor-section-height-default elementor-section-height-default\" data-id=\"d64dd15\" data-element_type=\"section\" data-e-type=\"section\" data-settings=\"{&quot;stretch_section&quot;:&quot;section-stretched&quot;}\">\n\t\t\t\t\t\t<div class=\"elementor-container elementor-column-gap-no\">\n\t\t\t\t\t<div class=\"elementor-column elementor-col-100 elementor-top-column elementor-element elementor-element-fc0cd4f\" data-id=\"fc0cd4f\" data-element_type=\"column\" data-e-type=\"column\">\n\t\t\t<div class=\"elementor-widget-wrap\">\n\t\t\t\t\t\t\t<\/div>\n\t\t<\/div>\n\t\t\t\t\t<\/div>\n\t\t<\/section>\n\t\t\t\t<section data-particle_enable=\"false\" data-particle-mobile-disabled=\"false\" class=\"elementor-section elementor-top-section elementor-element elementor-element-862df86 elementor-section-stretched elementor-section-boxed elementor-section-height-default elementor-section-height-default\" data-id=\"862df86\" data-element_type=\"section\" data-e-type=\"section\" data-settings=\"{&quot;stretch_section&quot;:&quot;section-stretched&quot;}\">\n\t\t\t\t\t\t<div class=\"elementor-container elementor-column-gap-default\">\n\t\t\t\t\t<div class=\"elementor-column elementor-col-100 elementor-top-column elementor-element elementor-element-eac8149\" data-id=\"eac8149\" data-element_type=\"column\" data-e-type=\"column\">\n\t\t\t<div class=\"elementor-widget-wrap elementor-element-populated\">\n\t\t\t\t\t\t<div class=\"elementor-element elementor-element-2ebb09e elementor-widget elementor-widget-spacer\" data-id=\"2ebb09e\" data-element_type=\"widget\" data-e-type=\"widget\" data-widget_type=\"spacer.default\">\n\t\t\t\t<div class=\"elementor-widget-container\">\n\t\t\t\t\t\t\t<div class=\"elementor-spacer\">\n\t\t\t<div class=\"elementor-spacer-inner\"><\/div>\n\t\t<\/div>\n\t\t\t\t\t\t<\/div>\n\t\t\t\t<\/div>\n\t\t\t\t<div class=\"elementor-element elementor-element-6e4536a elementor-widget elementor-widget-text-editor\" data-id=\"6e4536a\" data-element_type=\"widget\" data-e-type=\"widget\" data-widget_type=\"text-editor.default\">\n\t\t\t\t<div class=\"elementor-widget-container\">\n\t\t\t\t\t\t\t\t\t<p><strong>En este diplomado los participantes ver\u00e1n los principios b\u00e1sicos del Comercio Exterior.<\/strong><\/p><p>PLAN DE ESTUDIOS DIPLOMADO<\/p><table><tbody><tr><td width=\"248\"><p>Modulo<\/p><\/td><td width=\"248\"><p>Duraci\u00f3n x horas<\/p><\/td><\/tr><tr><td width=\"248\"><p>v\u00a0 <strong>INTRODUCCION Y EL ABC DEL COMERCIO EXTERIOR <\/strong><\/p><\/td><td width=\"248\"><p>5<\/p><\/td><\/tr><tr><td width=\"248\"><p>v\u00a0 <strong>MARCO LEGAL Y NORMATIVO DEL COMERCIO EXTERIOR <\/strong><\/p><\/td><td width=\"248\"><p>10<\/p><\/td><\/tr><tr><td width=\"248\"><p>v\u00a0 <strong>CLASIFICACION ARANCELARIA CON LA NUEVA LIGIE <\/strong><\/p><\/td><td width=\"248\"><p>10<\/p><\/td><\/tr><tr><td width=\"248\"><p>v\u00a0 <strong>TLC\u00b4S Y CERTIFICADOS DE ORIGEN <\/strong><\/p><\/td><td width=\"248\"><p>10<\/p><\/td><\/tr><tr><td width=\"248\"><p>v\u00a0 <strong>MARKETING INTERNACIONAL <\/strong><\/p><\/td><td width=\"248\"><p>10<\/p><\/td><\/tr><tr><td width=\"248\"><p>v\u00a0 <strong>DOCUMENTACION PARA IMPORTAR Y EXPORTAR <\/strong><\/p><\/td><td width=\"248\"><p>10<\/p><\/td><\/tr><tr><td width=\"248\"><p>v\u00a0 <strong>CONTRATOS INTERNACIONALES E INCOTERMS 2020 <\/strong><\/p><\/td><td width=\"248\"><p>10<\/p><\/td><\/tr><tr><td width=\"248\"><p>v\u00a0 <strong>OPERACI\u00d3N ADUANERA <\/strong><\/p><\/td><td width=\"248\"><p>10<\/p><\/td><\/tr><tr><td width=\"248\"><p>v\u00a0 <strong>CARNET ATA: PASAPORTE DE LAS MERCANCIAS <\/strong><\/p><\/td><td width=\"248\"><p>5<\/p><\/td><\/tr><tr><td width=\"248\"><p>v\u00a0 <strong>COMO HACER NEGOCIOS CON CHINA <\/strong><\/p><\/td><td width=\"248\"><p>5<\/p><\/td><\/tr><tr><td width=\"248\"><p>v\u00a0 <strong>CALCULO DE CONTRIBUCIONES AL COMERCIO EXTERIOR <\/strong><\/p><\/td><td width=\"248\"><p>5<\/p><\/td><\/tr><tr><td width=\"248\"><p>v\u00a0 <strong>APLICACI\u00d3N FISCAL Y CONTABLE EN OPERACIONES DE COMERCIO EXTERIOR <\/strong><\/p><\/td><td width=\"248\"><p>10<\/p><\/td><\/tr><tr><td width=\"248\"><p>v\u00a0 <strong>AUDITORIA DE COMERCIO EXTERIOR Y MEDIOS DE DEFENSA ADUANERA <\/strong><\/p><\/td><td width=\"248\"><p>10<\/p><\/td><\/tr><tr><td width=\"248\"><p>v\u00a0 <strong>LOGISTICA INTERNACIONAL <\/strong><\/p><\/td><td width=\"248\"><p>10<\/p><\/td><\/tr><tr><td width=\"248\"><p>v\u00a0 <strong>EDUCACI\u00d3N FINANCIERA<\/strong><\/p><\/td><td width=\"248\"><p>3<\/p><\/td><\/tr><tr><td width=\"248\"><p>v\u00a0 <strong>NEARSHORING<\/strong><\/p><\/td><td width=\"248\"><p>10<\/p><\/td><\/tr><\/tbody><\/table>\t\t\t\t\t\t\t\t<\/div>\n\t\t\t\t<\/div>\n\t\t\t\t<div class=\"elementor-element elementor-element-ba2e6f2 elementor-widget elementor-widget-text-editor\" data-id=\"ba2e6f2\" data-element_type=\"widget\" data-e-type=\"widget\" data-widget_type=\"text-editor.default\">\n\t\t\t\t<div class=\"elementor-widget-container\">\n\t\t\t\t\t\t\t\t\t<p style=\"font-size: 18px;\"><strong>Comunicarse con: Dra. Karen Arag\u00f3n , Encargada de Padr\u00f3n ATA, correo electr\u00f3nico: karagonc@camaradecomerciodemexico.com.mx, Tel. +52 (55 3685 2269) ext. 1301<\/strong><\/p>\t\t\t\t\t\t\t\t<\/div>\n\t\t\t\t<\/div>\n\t\t\t\t\t<\/div>\n\t\t<\/div>\n\t\t\t\t\t<\/div>\n\t\t<\/section>\n\t\t\t\t<\/div>\n\t\t","protected":false},"excerpt":{"rendered":"<p>En este diplomado los participantes ver\u00e1n los principios b\u00e1sicos del Comercio Exterior. PLAN DE ESTUDIOS DIPLOMADO Modulo Duraci\u00f3n x horas v\u00a0 INTRODUCCION Y EL ABC DEL COMERCIO [&hellip;]<\/p>\n","protected":false},"author":1,"featured_media":9314,"parent":0,"menu_order":0,"comment_status":"closed","ping_status":"closed","template":"","meta":{"footnotes":""},"class_list":["post-9313","page","type-page","status-publish","has-post-thumbnail","hentry"],"yoast_head":"<!-- This site is optimized with the Yoast SEO plugin v27.3 - https:\/\/yoast.com\/product\/yoast-seo-wordpress\/ -->\n<title>Diplomado de Comercio Internacional - Comercio Internacional<\/title>\n<meta name=\"description\" content=\"En este diplomado los participantes ver\u00e1n los principios b\u00e1sicos del Comercio Exterior. PLAN DE ESTUDIOS DIPLOMADO\" \/>\n<meta name=\"robots\" content=\"index, follow, max-snippet:-1, max-image-preview:large, max-video-preview:-1\" \/>\n<link rel=\"canonical\" href=\"https:\/\/ccmexico.com.mx\/comercio-internacional\/diplomado-de-comercio-internacional\/\" \/>\n<meta property=\"og:locale\" content=\"es_MX\" \/>\n<meta property=\"og:type\" content=\"article\" \/>\n<meta property=\"og:title\" content=\"Diplomado de Comercio Internacional - Comercio Internacional\" \/>\n<meta property=\"og:description\" content=\"En este diplomado los participantes ver\u00e1n los principios b\u00e1sicos del Comercio Exterior. PLAN DE ESTUDIOS DIPLOMADO\" \/>\n<meta property=\"og:url\" content=\"https:\/\/ccmexico.com.mx\/comercio-internacional\/diplomado-de-comercio-internacional\/\" \/>\n<meta property=\"og:site_name\" content=\"Comercio Internacional\" \/>\n<meta property=\"article:modified_time\" content=\"2025-04-24T15:18:29+00:00\" \/>\n<meta property=\"og:image\" content=\"http:\/\/ccmexico.com.mx\/comercio-internacional\/wp-content\/uploads\/2023\/11\/empresario-traje-firma-contrato-doble-exposicion-holograma-mapa-mundial-acuerdo-firma-hombre-concepto-negocio-internacional-1-scaled.jpg\" \/>\n\t<meta property=\"og:image:width\" content=\"2560\" \/>\n\t<meta property=\"og:image:height\" content=\"1707\" \/>\n\t<meta property=\"og:image:type\" content=\"image\/jpeg\" \/>\n<meta name=\"twitter:card\" content=\"summary_large_image\" \/>\n<meta name=\"twitter:label1\" content=\"Tiempo de lectura\" \/>\n\t<meta name=\"twitter:data1\" content=\"1 minuto\" \/>\n<script type=\"application\/ld+json\" class=\"yoast-schema-graph\">{\"@context\":\"https:\\\/\\\/schema.org\",\"@graph\":[{\"@type\":\"WebPage\",\"@id\":\"https:\\\/\\\/ccmexico.com.mx\\\/comercio-internacional\\\/diplomado-de-comercio-internacional\\\/\",\"url\":\"https:\\\/\\\/ccmexico.com.mx\\\/comercio-internacional\\\/diplomado-de-comercio-internacional\\\/\",\"name\":\"Diplomado de Comercio Internacional - Comercio Internacional\",\"isPartOf\":{\"@id\":\"https:\\\/\\\/ccmexico.com.mx\\\/comercio-internacional\\\/#website\"},\"primaryImageOfPage\":{\"@id\":\"https:\\\/\\\/ccmexico.com.mx\\\/comercio-internacional\\\/diplomado-de-comercio-internacional\\\/#primaryimage\"},\"image\":{\"@id\":\"https:\\\/\\\/ccmexico.com.mx\\\/comercio-internacional\\\/diplomado-de-comercio-internacional\\\/#primaryimage\"},\"thumbnailUrl\":\"https:\\\/\\\/ccmexico.com.mx\\\/comercio-internacional\\\/wp-content\\\/uploads\\\/2023\\\/11\\\/empresario-traje-firma-contrato-doble-exposicion-holograma-mapa-mundial-acuerdo-firma-hombre-concepto-negocio-internacional-1-scaled.jpg\",\"datePublished\":\"2023-11-07T22:41:30+00:00\",\"dateModified\":\"2025-04-24T15:18:29+00:00\",\"description\":\"En este diplomado los participantes ver\u00e1n los principios b\u00e1sicos del Comercio Exterior. PLAN DE ESTUDIOS DIPLOMADO\",\"breadcrumb\":{\"@id\":\"https:\\\/\\\/ccmexico.com.mx\\\/comercio-internacional\\\/diplomado-de-comercio-internacional\\\/#breadcrumb\"},\"inLanguage\":\"es\",\"potentialAction\":[{\"@type\":\"ReadAction\",\"target\":[\"https:\\\/\\\/ccmexico.com.mx\\\/comercio-internacional\\\/diplomado-de-comercio-internacional\\\/\"]}]},{\"@type\":\"ImageObject\",\"inLanguage\":\"es\",\"@id\":\"https:\\\/\\\/ccmexico.com.mx\\\/comercio-internacional\\\/diplomado-de-comercio-internacional\\\/#primaryimage\",\"url\":\"https:\\\/\\\/ccmexico.com.mx\\\/comercio-internacional\\\/wp-content\\\/uploads\\\/2023\\\/11\\\/empresario-traje-firma-contrato-doble-exposicion-holograma-mapa-mundial-acuerdo-firma-hombre-concepto-negocio-internacional-1-scaled.jpg\",\"contentUrl\":\"https:\\\/\\\/ccmexico.com.mx\\\/comercio-internacional\\\/wp-content\\\/uploads\\\/2023\\\/11\\\/empresario-traje-firma-contrato-doble-exposicion-holograma-mapa-mundial-acuerdo-firma-hombre-concepto-negocio-internacional-1-scaled.jpg\",\"width\":2560,\"height\":1707},{\"@type\":\"BreadcrumbList\",\"@id\":\"https:\\\/\\\/ccmexico.com.mx\\\/comercio-internacional\\\/diplomado-de-comercio-internacional\\\/#breadcrumb\",\"itemListElement\":[{\"@type\":\"ListItem\",\"position\":1,\"name\":\"Portada\",\"item\":\"https:\\\/\\\/ccmexico.com.mx\\\/comercio-internacional\\\/\"},{\"@type\":\"ListItem\",\"position\":2,\"name\":\"Diplomado de Comercio Internacional\"}]},{\"@type\":\"WebSite\",\"@id\":\"https:\\\/\\\/ccmexico.com.mx\\\/comercio-internacional\\\/#website\",\"url\":\"https:\\\/\\\/ccmexico.com.mx\\\/comercio-internacional\\\/\",\"name\":\"Comercio Internacional\",\"description\":\"Comercio Internacional - Canaco\",\"potentialAction\":[{\"@type\":\"SearchAction\",\"target\":{\"@type\":\"EntryPoint\",\"urlTemplate\":\"https:\\\/\\\/ccmexico.com.mx\\\/comercio-internacional\\\/?s={search_term_string}\"},\"query-input\":{\"@type\":\"PropertyValueSpecification\",\"valueRequired\":true,\"valueName\":\"search_term_string\"}}],\"inLanguage\":\"es\"}]}<\/script>\n<!-- \/ Yoast SEO plugin. -->","yoast_head_json":{"title":"Diplomado de Comercio Internacional - Comercio Internacional","description":"En este diplomado los participantes ver\u00e1n los principios b\u00e1sicos del Comercio Exterior. PLAN DE ESTUDIOS DIPLOMADO","robots":{"index":"index","follow":"follow","max-snippet":"max-snippet:-1","max-image-preview":"max-image-preview:large","max-video-preview":"max-video-preview:-1"},"canonical":"https:\/\/ccmexico.com.mx\/comercio-internacional\/diplomado-de-comercio-internacional\/","og_locale":"es_MX","og_type":"article","og_title":"Diplomado de Comercio Internacional - Comercio Internacional","og_description":"En este diplomado los participantes ver\u00e1n los principios b\u00e1sicos del Comercio Exterior. PLAN DE ESTUDIOS DIPLOMADO","og_url":"https:\/\/ccmexico.com.mx\/comercio-internacional\/diplomado-de-comercio-internacional\/","og_site_name":"Comercio Internacional","article_modified_time":"2025-04-24T15:18:29+00:00","og_image":[{"width":2560,"height":1707,"url":"http:\/\/ccmexico.com.mx\/comercio-internacional\/wp-content\/uploads\/2023\/11\/empresario-traje-firma-contrato-doble-exposicion-holograma-mapa-mundial-acuerdo-firma-hombre-concepto-negocio-internacional-1-scaled.jpg","type":"image\/jpeg"}],"twitter_card":"summary_large_image","twitter_misc":{"Tiempo de lectura":"1 minuto"},"schema":{"@context":"https:\/\/schema.org","@graph":[{"@type":"WebPage","@id":"https:\/\/ccmexico.com.mx\/comercio-internacional\/diplomado-de-comercio-internacional\/","url":"https:\/\/ccmexico.com.mx\/comercio-internacional\/diplomado-de-comercio-internacional\/","name":"Diplomado de Comercio Internacional - Comercio Internacional","isPartOf":{"@id":"https:\/\/ccmexico.com.mx\/comercio-internacional\/#website"},"primaryImageOfPage":{"@id":"https:\/\/ccmexico.com.mx\/comercio-internacional\/diplomado-de-comercio-internacional\/#primaryimage"},"image":{"@id":"https:\/\/ccmexico.com.mx\/comercio-internacional\/diplomado-de-comercio-internacional\/#primaryimage"},"thumbnailUrl":"https:\/\/ccmexico.com.mx\/comercio-internacional\/wp-content\/uploads\/2023\/11\/empresario-traje-firma-contrato-doble-exposicion-holograma-mapa-mundial-acuerdo-firma-hombre-concepto-negocio-internacional-1-scaled.jpg","datePublished":"2023-11-07T22:41:30+00:00","dateModified":"2025-04-24T15:18:29+00:00","description":"En este diplomado los participantes ver\u00e1n los principios b\u00e1sicos del Comercio Exterior. PLAN DE ESTUDIOS DIPLOMADO","breadcrumb":{"@id":"https:\/\/ccmexico.com.mx\/comercio-internacional\/diplomado-de-comercio-internacional\/#breadcrumb"},"inLanguage":"es","potentialAction":[{"@type":"ReadAction","target":["https:\/\/ccmexico.com.mx\/comercio-internacional\/diplomado-de-comercio-internacional\/"]}]},{"@type":"ImageObject","inLanguage":"es","@id":"https:\/\/ccmexico.com.mx\/comercio-internacional\/diplomado-de-comercio-internacional\/#primaryimage","url":"https:\/\/ccmexico.com.mx\/comercio-internacional\/wp-content\/uploads\/2023\/11\/empresario-traje-firma-contrato-doble-exposicion-holograma-mapa-mundial-acuerdo-firma-hombre-concepto-negocio-internacional-1-scaled.jpg","contentUrl":"https:\/\/ccmexico.com.mx\/comercio-internacional\/wp-content\/uploads\/2023\/11\/empresario-traje-firma-contrato-doble-exposicion-holograma-mapa-mundial-acuerdo-firma-hombre-concepto-negocio-internacional-1-scaled.jpg","width":2560,"height":1707},{"@type":"BreadcrumbList","@id":"https:\/\/ccmexico.com.mx\/comercio-internacional\/diplomado-de-comercio-internacional\/#breadcrumb","itemListElement":[{"@type":"ListItem","position":1,"name":"Portada","item":"https:\/\/ccmexico.com.mx\/comercio-internacional\/"},{"@type":"ListItem","position":2,"name":"Diplomado de Comercio Internacional"}]},{"@type":"WebSite","@id":"https:\/\/ccmexico.com.mx\/comercio-internacional\/#website","url":"https:\/\/ccmexico.com.mx\/comercio-internacional\/","name":"Comercio Internacional","description":"Comercio Internacional - Canaco","potentialAction":[{"@type":"SearchAction","target":{"@type":"EntryPoint","urlTemplate":"https:\/\/ccmexico.com.mx\/comercio-internacional\/?s={search_term_string}"},"query-input":{"@type":"PropertyValueSpecification","valueRequired":true,"valueName":"search_term_string"}}],"inLanguage":"es"}]}},"_links":{"self":[{"href":"https:\/\/ccmexico.com.mx\/comercio-internacional\/wp-json\/wp\/v2\/pages\/9313","targetHints":{"allow":["GET"]}}],"collection":[{"href":"https:\/\/ccmexico.com.mx\/comercio-internacional\/wp-json\/wp\/v2\/pages"}],"about":[{"href":"https:\/\/ccmexico.com.mx\/comercio-internacional\/wp-json\/wp\/v2\/types\/page"}],"author":[{"embeddable":true,"href":"https:\/\/ccmexico.com.mx\/comercio-internacional\/wp-json\/wp\/v2\/users\/1"}],"replies":[{"embeddable":true,"href":"https:\/\/ccmexico.com.mx\/comercio-internacional\/wp-json\/wp\/v2\/comments?post=9313"}],"version-history":[{"count":15,"href":"https:\/\/ccmexico.com.mx\/comercio-internacional\/wp-json\/wp\/v2\/pages\/9313\/revisions"}],"predecessor-version":[{"id":9643,"href":"https:\/\/ccmexico.com.mx\/comercio-internacional\/wp-json\/wp\/v2\/pages\/9313\/revisions\/9643"}],"wp:featuredmedia":[{"embeddable":true,"href":"https:\/\/ccmexico.com.mx\/comercio-internacional\/wp-json\/wp\/v2\/media\/9314"}],"wp:attachment":[{"href":"https:\/\/ccmexico.com.mx\/comercio-internacional\/wp-json\/wp\/v2\/media?parent=9313"}],"curies":[{"name":"wp","href":"https:\/\/api.w.org\/{rel}","templated":true}]}}